{"id":81,"date":"2025-01-25T09:08:26","date_gmt":"2025-01-25T09:08:26","guid":{"rendered":"https:\/\/linnatennis.com\/?page_id=81"},"modified":"2026-01-04T17:32:30","modified_gmt":"2026-01-04T17:32:30","slug":"hinnastot","status":"publish","type":"page","link":"https:\/\/linnatennis.com\/?page_id=81","title":{"rendered":"Hinnastot"},"content":{"rendered":"<h5>Yksityistunnit:<\/h5>\n<p> 85\u20ac \/ tunti + kentt\u00e4maksu <\/p>\n<p>Sis\u00e4lt\u00e4\u00e4 alv:n<\/p>\n<h5>Ryhm\u00e4valmennus:<\/h5>\n<p> 39\u20ac \/ tunti (nelj\u00e4n henkil\u00f6n ryhm\u00e4ss\u00e4)<\/p>\n<p>Sis\u00e4lt\u00e4\u00e4 kentt\u00e4maksun ja alv:n<\/p>\n<h5>Yritystunnit:<\/h5>\n<p> 165\u20ac \/ tunti<\/p>\n<p>Sis\u00e4lt\u00e4\u00e4 kentt\u00e4maksun ja alv:n<\/p>\n<p style=\"margin-top: 3.5em;\">Kurssit hinnoitellaan erikseen.<\/p>\n<p>Katso <a href=\"https:\/\/linnatennis.com\/wp-content\/uploads\/2026\/01\/LINNA-TENNIS-Valmennusehdot-2026-v2.pdf\" target=\"_blank\">valmennusehdot<\/a>.<\/p>\n","protected":false},"excerpt":{"rendered":"<p>Yksityistunnit: 85\u20ac \/ tunti + kentt\u00e4maksu Sis\u00e4lt\u00e4\u00e4 alv:n Ryhm\u00e4valmennus: 39\u20ac \/ tunti (nelj\u00e4n henkil\u00f6n ryhm\u00e4ss\u00e4) Sis\u00e4lt\u00e4\u00e4 kentt\u00e4maksun ja alv:n Yritystunnit: 165\u20ac \/ tunti Sis\u00e4lt\u00e4\u00e4 kentt\u00e4maksun ja alv:n Kurssit hinnoitellaan erikseen. Katso valmennusehdot.<\/p>\n","protected":false},"author":1,"featured_media":0,"parent":0,"menu_order":0,"comment_status":"closed","ping_status":"closed","template":"","meta":{"footnotes":""},"class_list":["post-81","page","type-page","status-publish","hentry"],"yoast_head":"<!-- This site is optimized with the Yoast SEO plugin v26.6 - https:\/\/yoast.com\/wordpress\/plugins\/seo\/ -->\n<title>Hinnastot - Linnatennis<\/title>\n<meta name=\"robots\" content=\"index, follow, max-snippet:-1, max-image-preview:large, max-video-preview:-1\" \/>\n<link rel=\"canonical\" href=\"https:\/\/linnatennis.com\/?page_id=81\" \/>\n<meta property=\"og:locale\" content=\"en_US\" \/>\n<meta property=\"og:type\" content=\"article\" \/>\n<meta property=\"og:title\" content=\"Hinnastot - Linnatennis\" \/>\n<meta property=\"og:description\" content=\"Yksityistunnit: 85\u20ac \/ tunti + kentt\u00e4maksu Sis\u00e4lt\u00e4\u00e4 alv:n Ryhm\u00e4valmennus: 39\u20ac \/ tunti (nelj\u00e4n henkil\u00f6n ryhm\u00e4ss\u00e4) Sis\u00e4lt\u00e4\u00e4 kentt\u00e4maksun ja alv:n Yritystunnit: 165\u20ac \/ tunti Sis\u00e4lt\u00e4\u00e4 kentt\u00e4maksun ja alv:n Kurssit hinnoitellaan erikseen. Katso valmennusehdot.\" \/>\n<meta property=\"og:url\" content=\"https:\/\/linnatennis.com\/?page_id=81\" \/>\n<meta property=\"og:site_name\" content=\"Linnatennis\" \/>\n<meta property=\"article:modified_time\" content=\"2026-01-04T17:32:30+00:00\" \/>\n<meta name=\"twitter:card\" content=\"summary_large_image\" \/>\n<meta name=\"twitter:label1\" content=\"Est. reading time\" \/>\n\t<meta name=\"twitter:data1\" content=\"1 minute\" \/>\n<script type=\"application\/ld+json\" class=\"yoast-schema-graph\">{\"@context\":\"https:\/\/schema.org\",\"@graph\":[{\"@type\":\"WebPage\",\"@id\":\"https:\/\/linnatennis.com\/?page_id=81\",\"url\":\"https:\/\/linnatennis.com\/?page_id=81\",\"name\":\"Hinnastot - Linnatennis\",\"isPartOf\":{\"@id\":\"https:\/\/linnatennis.com\/#website\"},\"datePublished\":\"2025-01-25T09:08:26+00:00\",\"dateModified\":\"2026-01-04T17:32:30+00:00\",\"breadcrumb\":{\"@id\":\"https:\/\/linnatennis.com\/?page_id=81#breadcrumb\"},\"inLanguage\":\"en-US\",\"potentialAction\":[{\"@type\":\"ReadAction\",\"target\":[\"https:\/\/linnatennis.com\/?page_id=81\"]}]},{\"@type\":\"BreadcrumbList\",\"@id\":\"https:\/\/linnatennis.com\/?page_id=81#breadcrumb\",\"itemListElement\":[{\"@type\":\"ListItem\",\"position\":1,\"name\":\"Home\",\"item\":\"https:\/\/linnatennis.com\/\"},{\"@type\":\"ListItem\",\"position\":2,\"name\":\"Hinnastot\"}]},{\"@type\":\"WebSite\",\"@id\":\"https:\/\/linnatennis.com\/#website\",\"url\":\"https:\/\/linnatennis.com\/\",\"name\":\"Linnatennis\",\"description\":\"Tennisvalmennusta Helsingiss\u00e4\",\"potentialAction\":[{\"@type\":\"SearchAction\",\"target\":{\"@type\":\"EntryPoint\",\"urlTemplate\":\"https:\/\/linnatennis.com\/?s={search_term_string}\"},\"query-input\":{\"@type\":\"PropertyValueSpecification\",\"valueRequired\":true,\"valueName\":\"search_term_string\"}}],\"inLanguage\":\"en-US\"}]}<\/script>\n<!-- \/ Yoast SEO plugin. -->","yoast_head_json":{"title":"Hinnastot - Linnatennis","robots":{"index":"index","follow":"follow","max-snippet":"max-snippet:-1","max-image-preview":"max-image-preview:large","max-video-preview":"max-video-preview:-1"},"canonical":"https:\/\/linnatennis.com\/?page_id=81","og_locale":"en_US","og_type":"article","og_title":"Hinnastot - Linnatennis","og_description":"Yksityistunnit: 85\u20ac \/ tunti + kentt\u00e4maksu Sis\u00e4lt\u00e4\u00e4 alv:n Ryhm\u00e4valmennus: 39\u20ac \/ tunti (nelj\u00e4n henkil\u00f6n ryhm\u00e4ss\u00e4) Sis\u00e4lt\u00e4\u00e4 kentt\u00e4maksun ja alv:n Yritystunnit: 165\u20ac \/ tunti Sis\u00e4lt\u00e4\u00e4 kentt\u00e4maksun ja alv:n Kurssit hinnoitellaan erikseen. Katso valmennusehdot.","og_url":"https:\/\/linnatennis.com\/?page_id=81","og_site_name":"Linnatennis","article_modified_time":"2026-01-04T17:32:30+00:00","twitter_card":"summary_large_image","twitter_misc":{"Est. reading time":"1 minute"},"schema":{"@context":"https:\/\/schema.org","@graph":[{"@type":"WebPage","@id":"https:\/\/linnatennis.com\/?page_id=81","url":"https:\/\/linnatennis.com\/?page_id=81","name":"Hinnastot - Linnatennis","isPartOf":{"@id":"https:\/\/linnatennis.com\/#website"},"datePublished":"2025-01-25T09:08:26+00:00","dateModified":"2026-01-04T17:32:30+00:00","breadcrumb":{"@id":"https:\/\/linnatennis.com\/?page_id=81#breadcrumb"},"inLanguage":"en-US","potentialAction":[{"@type":"ReadAction","target":["https:\/\/linnatennis.com\/?page_id=81"]}]},{"@type":"BreadcrumbList","@id":"https:\/\/linnatennis.com\/?page_id=81#breadcrumb","itemListElement":[{"@type":"ListItem","position":1,"name":"Home","item":"https:\/\/linnatennis.com\/"},{"@type":"ListItem","position":2,"name":"Hinnastot"}]},{"@type":"WebSite","@id":"https:\/\/linnatennis.com\/#website","url":"https:\/\/linnatennis.com\/","name":"Linnatennis","description":"Tennisvalmennusta Helsingiss\u00e4","potentialAction":[{"@type":"SearchAction","target":{"@type":"EntryPoint","urlTemplate":"https:\/\/linnatennis.com\/?s={search_term_string}"},"query-input":{"@type":"PropertyValueSpecification","valueRequired":true,"valueName":"search_term_string"}}],"inLanguage":"en-US"}]}},"jetpack_sharing_enabled":true,"_links":{"self":[{"href":"https:\/\/linnatennis.com\/index.php?rest_route=\/wp\/v2\/pages\/81","targetHints":{"allow":["GET"]}}],"collection":[{"href":"https:\/\/linnatennis.com\/index.php?rest_route=\/wp\/v2\/pages"}],"about":[{"href":"https:\/\/linnatennis.com\/index.php?rest_route=\/wp\/v2\/types\/page"}],"author":[{"embeddable":true,"href":"https:\/\/linnatennis.com\/index.php?rest_route=\/wp\/v2\/users\/1"}],"replies":[{"embeddable":true,"href":"https:\/\/linnatennis.com\/index.php?rest_route=%2Fwp%2Fv2%2Fcomments&post=81"}],"version-history":[{"count":7,"href":"https:\/\/linnatennis.com\/index.php?rest_route=\/wp\/v2\/pages\/81\/revisions"}],"predecessor-version":[{"id":198,"href":"https:\/\/linnatennis.com\/index.php?rest_route=\/wp\/v2\/pages\/81\/revisions\/198"}],"wp:attachment":[{"href":"https:\/\/linnatennis.com\/index.php?rest_route=%2Fwp%2Fv2%2Fmedia&parent=81"}],"curies":[{"name":"wp","href":"https:\/\/api.w.org\/{rel}","templated":true}]}}