{"id":79,"date":"2025-01-25T09:07:56","date_gmt":"2025-01-25T09:07:56","guid":{"rendered":"https:\/\/linnatennis.com\/?page_id=79"},"modified":"2025-01-25T09:15:14","modified_gmt":"2025-01-25T09:15:14","slug":"valmennukset","status":"publish","type":"page","link":"https:\/\/linnatennis.com\/?page_id=79","title":{"rendered":"Valmennukset"},"content":{"rendered":"<h5>Yksityisvalmennus<\/h5>\n<p>Valmennukset suunnitellaan aina pelaajien taitotason ja tavoitteiden mukaisesti. Yksityistunnilla pelaajia voi olla 1-4 henkil\u00f6\u00e4. Voit ostaa yksityistunteja my\u00f6s lahjaksi lahjakortilla.<\/p>\n<h5>Ryhm\u00e4valmennus<\/h5>\n<p>Viikottainen valmennus nelj\u00e4n henkil\u00f6n ryhmiss\u00e4. Ryhm\u00e4t kootaan mahdollisimman saman tasoisiksi.<\/p>\n<h5>Yritystunnit<\/h5>\n<p>Varaa yrityksellesi viikottainen valmennustunti aamuun tai lounasaikaan.<\/p>\n<h5>Tenniskurssit<\/h5>\n<p>Erilaiset tenniskurssit tarpeisiisi mm. alkeiskurssit, sy\u00f6tt\u00f6klinikat ja kes\u00e4kurssit<\/p>\n","protected":false},"excerpt":{"rendered":"<p>Yksityisvalmennus Valmennukset suunnitellaan aina pelaajien taitotason ja tavoitteiden mukaisesti. Yksityistunnilla pelaajia voi olla 1-4 henkil\u00f6\u00e4. Voit ostaa yksityistunteja my\u00f6s lahjaksi lahjakortilla. Ryhm\u00e4valmennus Viikottainen valmennus nelj\u00e4n henkil\u00f6n ryhmiss\u00e4. Ryhm\u00e4t kootaan mahdollisimman saman tasoisiksi. Yritystunnit Varaa yrityksellesi viikottainen valmennustunti aamuun tai lounasaikaan. Tenniskurssit Erilaiset tenniskurssit tarpeisiisi mm. alkeiskurssit, sy\u00f6tt\u00f6klinikat ja kes\u00e4kurssit<\/p>\n","protected":false},"author":1,"featured_media":0,"parent":0,"menu_order":0,"comment_status":"closed","ping_status":"closed","template":"","meta":{"footnotes":""},"class_list":["post-79","page","type-page","status-publish","hentry"],"yoast_head":"<!-- This site is optimized with the Yoast SEO plugin v26.6 - https:\/\/yoast.com\/wordpress\/plugins\/seo\/ -->\n<title>Valmennukset - Linnatennis<\/title>\n<meta name=\"robots\" content=\"index, follow, max-snippet:-1, max-image-preview:large, max-video-preview:-1\" \/>\n<link rel=\"canonical\" href=\"https:\/\/linnatennis.com\/?page_id=79\" \/>\n<meta property=\"og:locale\" content=\"en_US\" \/>\n<meta property=\"og:type\" content=\"article\" \/>\n<meta property=\"og:title\" content=\"Valmennukset - Linnatennis\" \/>\n<meta property=\"og:description\" content=\"Yksityisvalmennus Valmennukset suunnitellaan aina pelaajien taitotason ja tavoitteiden mukaisesti. Yksityistunnilla pelaajia voi olla 1-4 henkil\u00f6\u00e4. Voit ostaa yksityistunteja my\u00f6s lahjaksi lahjakortilla. Ryhm\u00e4valmennus Viikottainen valmennus nelj\u00e4n henkil\u00f6n ryhmiss\u00e4. Ryhm\u00e4t kootaan mahdollisimman saman tasoisiksi. Yritystunnit Varaa yrityksellesi viikottainen valmennustunti aamuun tai lounasaikaan. Tenniskurssit Erilaiset tenniskurssit tarpeisiisi mm. alkeiskurssit, sy\u00f6tt\u00f6klinikat ja kes\u00e4kurssit\" \/>\n<meta property=\"og:url\" content=\"https:\/\/linnatennis.com\/?page_id=79\" \/>\n<meta property=\"og:site_name\" content=\"Linnatennis\" \/>\n<meta property=\"article:modified_time\" content=\"2025-01-25T09:15:14+00:00\" \/>\n<meta name=\"twitter:card\" content=\"summary_large_image\" \/>\n<meta name=\"twitter:label1\" content=\"Est. reading time\" \/>\n\t<meta name=\"twitter:data1\" content=\"1 minute\" \/>\n<script type=\"application\/ld+json\" class=\"yoast-schema-graph\">{\"@context\":\"https:\/\/schema.org\",\"@graph\":[{\"@type\":\"WebPage\",\"@id\":\"https:\/\/linnatennis.com\/?page_id=79\",\"url\":\"https:\/\/linnatennis.com\/?page_id=79\",\"name\":\"Valmennukset - Linnatennis\",\"isPartOf\":{\"@id\":\"https:\/\/linnatennis.com\/#website\"},\"datePublished\":\"2025-01-25T09:07:56+00:00\",\"dateModified\":\"2025-01-25T09:15:14+00:00\",\"breadcrumb\":{\"@id\":\"https:\/\/linnatennis.com\/?page_id=79#breadcrumb\"},\"inLanguage\":\"en-US\",\"potentialAction\":[{\"@type\":\"ReadAction\",\"target\":[\"https:\/\/linnatennis.com\/?page_id=79\"]}]},{\"@type\":\"BreadcrumbList\",\"@id\":\"https:\/\/linnatennis.com\/?page_id=79#breadcrumb\",\"itemListElement\":[{\"@type\":\"ListItem\",\"position\":1,\"name\":\"Home\",\"item\":\"https:\/\/linnatennis.com\/\"},{\"@type\":\"ListItem\",\"position\":2,\"name\":\"Valmennukset\"}]},{\"@type\":\"WebSite\",\"@id\":\"https:\/\/linnatennis.com\/#website\",\"url\":\"https:\/\/linnatennis.com\/\",\"name\":\"Linnatennis\",\"description\":\"Tennisvalmennusta Helsingiss\u00e4\",\"potentialAction\":[{\"@type\":\"SearchAction\",\"target\":{\"@type\":\"EntryPoint\",\"urlTemplate\":\"https:\/\/linnatennis.com\/?s={search_term_string}\"},\"query-input\":{\"@type\":\"PropertyValueSpecification\",\"valueRequired\":true,\"valueName\":\"search_term_string\"}}],\"inLanguage\":\"en-US\"}]}<\/script>\n<!-- \/ Yoast SEO plugin. -->","yoast_head_json":{"title":"Valmennukset - Linnatennis","robots":{"index":"index","follow":"follow","max-snippet":"max-snippet:-1","max-image-preview":"max-image-preview:large","max-video-preview":"max-video-preview:-1"},"canonical":"https:\/\/linnatennis.com\/?page_id=79","og_locale":"en_US","og_type":"article","og_title":"Valmennukset - Linnatennis","og_description":"Yksityisvalmennus Valmennukset suunnitellaan aina pelaajien taitotason ja tavoitteiden mukaisesti. Yksityistunnilla pelaajia voi olla 1-4 henkil\u00f6\u00e4. Voit ostaa yksityistunteja my\u00f6s lahjaksi lahjakortilla. Ryhm\u00e4valmennus Viikottainen valmennus nelj\u00e4n henkil\u00f6n ryhmiss\u00e4. Ryhm\u00e4t kootaan mahdollisimman saman tasoisiksi. Yritystunnit Varaa yrityksellesi viikottainen valmennustunti aamuun tai lounasaikaan. Tenniskurssit Erilaiset tenniskurssit tarpeisiisi mm. alkeiskurssit, sy\u00f6tt\u00f6klinikat ja kes\u00e4kurssit","og_url":"https:\/\/linnatennis.com\/?page_id=79","og_site_name":"Linnatennis","article_modified_time":"2025-01-25T09:15:14+00:00","twitter_card":"summary_large_image","twitter_misc":{"Est. reading time":"1 minute"},"schema":{"@context":"https:\/\/schema.org","@graph":[{"@type":"WebPage","@id":"https:\/\/linnatennis.com\/?page_id=79","url":"https:\/\/linnatennis.com\/?page_id=79","name":"Valmennukset - Linnatennis","isPartOf":{"@id":"https:\/\/linnatennis.com\/#website"},"datePublished":"2025-01-25T09:07:56+00:00","dateModified":"2025-01-25T09:15:14+00:00","breadcrumb":{"@id":"https:\/\/linnatennis.com\/?page_id=79#breadcrumb"},"inLanguage":"en-US","potentialAction":[{"@type":"ReadAction","target":["https:\/\/linnatennis.com\/?page_id=79"]}]},{"@type":"BreadcrumbList","@id":"https:\/\/linnatennis.com\/?page_id=79#breadcrumb","itemListElement":[{"@type":"ListItem","position":1,"name":"Home","item":"https:\/\/linnatennis.com\/"},{"@type":"ListItem","position":2,"name":"Valmennukset"}]},{"@type":"WebSite","@id":"https:\/\/linnatennis.com\/#website","url":"https:\/\/linnatennis.com\/","name":"Linnatennis","description":"Tennisvalmennusta Helsingiss\u00e4","potentialAction":[{"@type":"SearchAction","target":{"@type":"EntryPoint","urlTemplate":"https:\/\/linnatennis.com\/?s={search_term_string}"},"query-input":{"@type":"PropertyValueSpecification","valueRequired":true,"valueName":"search_term_string"}}],"inLanguage":"en-US"}]}},"jetpack_sharing_enabled":true,"_links":{"self":[{"href":"https:\/\/linnatennis.com\/index.php?rest_route=\/wp\/v2\/pages\/79","targetHints":{"allow":["GET"]}}],"collection":[{"href":"https:\/\/linnatennis.com\/index.php?rest_route=\/wp\/v2\/pages"}],"about":[{"href":"https:\/\/linnatennis.com\/index.php?rest_route=\/wp\/v2\/types\/page"}],"author":[{"embeddable":true,"href":"https:\/\/linnatennis.com\/index.php?rest_route=\/wp\/v2\/users\/1"}],"replies":[{"embeddable":true,"href":"https:\/\/linnatennis.com\/index.php?rest_route=%2Fwp%2Fv2%2Fcomments&post=79"}],"version-history":[{"count":2,"href":"https:\/\/linnatennis.com\/index.php?rest_route=\/wp\/v2\/pages\/79\/revisions"}],"predecessor-version":[{"id":98,"href":"https:\/\/linnatennis.com\/index.php?rest_route=\/wp\/v2\/pages\/79\/revisions\/98"}],"wp:attachment":[{"href":"https:\/\/linnatennis.com\/index.php?rest_route=%2Fwp%2Fv2%2Fmedia&parent=79"}],"curies":[{"name":"wp","href":"https:\/\/api.w.org\/{rel}","templated":true}]}}