{"id":2,"date":"2025-01-24T15:01:32","date_gmt":"2025-01-24T15:01:32","guid":{"rendered":"https:\/\/linnatennis.com\/?page_id=2"},"modified":"2025-01-25T09:07:28","modified_gmt":"2025-01-25T09:07:28","slug":"sample-page","status":"publish","type":"page","link":"https:\/\/linnatennis.com\/","title":{"rendered":"Etusivu"},"content":{"rendered":"\r\n<p>Linna Tennis tarjoaa tennisvalmennusta aikuisille Meilahden liikuntakeskuksessa ja Taivallahden tenniskeskuksessa. Tarjolla on viikottaista ryhm\u00e4valmennusta ja yksil\u00f6valmennusta sek\u00e4 erilaisia kursseja ja tapahtumia.<\/p>\r\n<p>Tavoitteenani on tarjota jokaiselle pelaajalle haastetta, kehityst\u00e4, yhteis\u00f6llisyytt\u00e4 ja tenniksen iloa.<\/p>\r\n<p>Tervetuloa mukaan!<\/p>\r\n","protected":false},"excerpt":{"rendered":"<p>Linna Tennis tarjoaa tennisvalmennusta aikuisille Meilahden liikuntakeskuksessa ja Taivallahden tenniskeskuksessa. Tarjolla on viikottaista ryhm\u00e4valmennusta ja yksil\u00f6valmennusta sek\u00e4 erilaisia kursseja ja tapahtumia. Tavoitteenani on tarjota jokaiselle pelaajalle haastetta, kehityst\u00e4, yhteis\u00f6llisyytt\u00e4 ja tenniksen iloa. Tervetuloa mukaan!<\/p>\n","protected":false},"author":1,"featured_media":0,"parent":0,"menu_order":0,"comment_status":"closed","ping_status":"open","template":"","meta":{"footnotes":""},"class_list":["post-2","page","type-page","status-publish","hentry"],"yoast_head":"<!-- This site is optimized with the Yoast SEO plugin v26.6 - https:\/\/yoast.com\/wordpress\/plugins\/seo\/ -->\n<title>Etusivu - Linnatennis<\/title>\n<meta name=\"robots\" content=\"index, follow, max-snippet:-1, max-image-preview:large, max-video-preview:-1\" \/>\n<link rel=\"canonical\" href=\"https:\/\/linnatennis.com\/\" \/>\n<meta property=\"og:locale\" content=\"en_US\" \/>\n<meta property=\"og:type\" content=\"article\" \/>\n<meta property=\"og:title\" content=\"Etusivu - Linnatennis\" \/>\n<meta property=\"og:description\" content=\"Linna Tennis tarjoaa tennisvalmennusta aikuisille Meilahden liikuntakeskuksessa ja Taivallahden tenniskeskuksessa. Tarjolla on viikottaista ryhm\u00e4valmennusta ja yksil\u00f6valmennusta sek\u00e4 erilaisia kursseja ja tapahtumia. Tavoitteenani on tarjota jokaiselle pelaajalle haastetta, kehityst\u00e4, yhteis\u00f6llisyytt\u00e4 ja tenniksen iloa. Tervetuloa mukaan!\" \/>\n<meta property=\"og:url\" content=\"https:\/\/linnatennis.com\/\" \/>\n<meta property=\"og:site_name\" content=\"Linnatennis\" \/>\n<meta property=\"article:modified_time\" content=\"2025-01-25T09:07:28+00:00\" \/>\n<meta name=\"twitter:card\" content=\"summary_large_image\" \/>\n<meta name=\"twitter:label1\" content=\"Est. reading time\" \/>\n\t<meta name=\"twitter:data1\" content=\"1 minute\" \/>\n<script type=\"application\/ld+json\" class=\"yoast-schema-graph\">{\"@context\":\"https:\/\/schema.org\",\"@graph\":[{\"@type\":\"WebPage\",\"@id\":\"https:\/\/linnatennis.com\/\",\"url\":\"https:\/\/linnatennis.com\/\",\"name\":\"Etusivu - Linnatennis\",\"isPartOf\":{\"@id\":\"https:\/\/linnatennis.com\/#website\"},\"datePublished\":\"2025-01-24T15:01:32+00:00\",\"dateModified\":\"2025-01-25T09:07:28+00:00\",\"breadcrumb\":{\"@id\":\"https:\/\/linnatennis.com\/#breadcrumb\"},\"inLanguage\":\"en-US\",\"potentialAction\":[{\"@type\":\"ReadAction\",\"target\":[\"https:\/\/linnatennis.com\/\"]}]},{\"@type\":\"BreadcrumbList\",\"@id\":\"https:\/\/linnatennis.com\/#breadcrumb\",\"itemListElement\":[{\"@type\":\"ListItem\",\"position\":1,\"name\":\"Home\",\"item\":\"https:\/\/linnatennis.com\/\"},{\"@type\":\"ListItem\",\"position\":2,\"name\":\"Etusivu\"}]},{\"@type\":\"WebSite\",\"@id\":\"https:\/\/linnatennis.com\/#website\",\"url\":\"https:\/\/linnatennis.com\/\",\"name\":\"Linnatennis\",\"description\":\"Tennisvalmennusta Helsingiss\u00e4\",\"potentialAction\":[{\"@type\":\"SearchAction\",\"target\":{\"@type\":\"EntryPoint\",\"urlTemplate\":\"https:\/\/linnatennis.com\/?s={search_term_string}\"},\"query-input\":{\"@type\":\"PropertyValueSpecification\",\"valueRequired\":true,\"valueName\":\"search_term_string\"}}],\"inLanguage\":\"en-US\"}]}<\/script>\n<!-- \/ Yoast SEO plugin. -->","yoast_head_json":{"title":"Etusivu - Linnatennis","robots":{"index":"index","follow":"follow","max-snippet":"max-snippet:-1","max-image-preview":"max-image-preview:large","max-video-preview":"max-video-preview:-1"},"canonical":"https:\/\/linnatennis.com\/","og_locale":"en_US","og_type":"article","og_title":"Etusivu - Linnatennis","og_description":"Linna Tennis tarjoaa tennisvalmennusta aikuisille Meilahden liikuntakeskuksessa ja Taivallahden tenniskeskuksessa. Tarjolla on viikottaista ryhm\u00e4valmennusta ja yksil\u00f6valmennusta sek\u00e4 erilaisia kursseja ja tapahtumia. Tavoitteenani on tarjota jokaiselle pelaajalle haastetta, kehityst\u00e4, yhteis\u00f6llisyytt\u00e4 ja tenniksen iloa. Tervetuloa mukaan!","og_url":"https:\/\/linnatennis.com\/","og_site_name":"Linnatennis","article_modified_time":"2025-01-25T09:07:28+00:00","twitter_card":"summary_large_image","twitter_misc":{"Est. reading time":"1 minute"},"schema":{"@context":"https:\/\/schema.org","@graph":[{"@type":"WebPage","@id":"https:\/\/linnatennis.com\/","url":"https:\/\/linnatennis.com\/","name":"Etusivu - Linnatennis","isPartOf":{"@id":"https:\/\/linnatennis.com\/#website"},"datePublished":"2025-01-24T15:01:32+00:00","dateModified":"2025-01-25T09:07:28+00:00","breadcrumb":{"@id":"https:\/\/linnatennis.com\/#breadcrumb"},"inLanguage":"en-US","potentialAction":[{"@type":"ReadAction","target":["https:\/\/linnatennis.com\/"]}]},{"@type":"BreadcrumbList","@id":"https:\/\/linnatennis.com\/#breadcrumb","itemListElement":[{"@type":"ListItem","position":1,"name":"Home","item":"https:\/\/linnatennis.com\/"},{"@type":"ListItem","position":2,"name":"Etusivu"}]},{"@type":"WebSite","@id":"https:\/\/linnatennis.com\/#website","url":"https:\/\/linnatennis.com\/","name":"Linnatennis","description":"Tennisvalmennusta Helsingiss\u00e4","potentialAction":[{"@type":"SearchAction","target":{"@type":"EntryPoint","urlTemplate":"https:\/\/linnatennis.com\/?s={search_term_string}"},"query-input":{"@type":"PropertyValueSpecification","valueRequired":true,"valueName":"search_term_string"}}],"inLanguage":"en-US"}]}},"jetpack_sharing_enabled":true,"_links":{"self":[{"href":"https:\/\/linnatennis.com\/index.php?rest_route=\/wp\/v2\/pages\/2","targetHints":{"allow":["GET"]}}],"collection":[{"href":"https:\/\/linnatennis.com\/index.php?rest_route=\/wp\/v2\/pages"}],"about":[{"href":"https:\/\/linnatennis.com\/index.php?rest_route=\/wp\/v2\/types\/page"}],"author":[{"embeddable":true,"href":"https:\/\/linnatennis.com\/index.php?rest_route=\/wp\/v2\/users\/1"}],"replies":[{"embeddable":true,"href":"https:\/\/linnatennis.com\/index.php?rest_route=%2Fwp%2Fv2%2Fcomments&post=2"}],"version-history":[{"count":2,"href":"https:\/\/linnatennis.com\/index.php?rest_route=\/wp\/v2\/pages\/2\/revisions"}],"predecessor-version":[{"id":78,"href":"https:\/\/linnatennis.com\/index.php?rest_route=\/wp\/v2\/pages\/2\/revisions\/78"}],"wp:attachment":[{"href":"https:\/\/linnatennis.com\/index.php?rest_route=%2Fwp%2Fv2%2Fmedia&parent=2"}],"curies":[{"name":"wp","href":"https:\/\/api.w.org\/{rel}","templated":true}]}}