{"id":142,"date":"2025-05-04T08:11:47","date_gmt":"2025-05-04T08:11:47","guid":{"rendered":"https:\/\/linnatennis.com\/?page_id=142"},"modified":"2026-01-04T17:34:11","modified_gmt":"2026-01-04T17:34:11","slug":"tapahtumat-ja-kurssit","status":"publish","type":"page","link":"https:\/\/linnatennis.com\/?page_id=142","title":{"rendered":"Tapahtumat ja kurssit"},"content":{"rendered":"<h4>Tulevat tapahtumat<\/h4>\n<p>Vierum\u00e4ki 26.6.- 28.6.2026. Kes\u00e4kauden kohokohta Vierum\u00e4en massoilla, viikonloppuna 7,5h ryhm\u00e4valmennusta oman tasoisessa ryhm\u00e4ss\u00e4. <\/p>\n<h5>Aikataulu<\/h5>\n<p>Pe 26.6. Klo 15.00-17.00<br \/>\nLa 27.6. Klo 10.00-12.00<br \/>\nLa 27.6. Klo 15.00-16.30<br \/>\nSu 28.6. Klo 9.00-11.00<\/p>\n<h5>Ota yhteytt\u00e4:<\/h5>\n<p><a href=\"mailto:info@linnatennis.com\">info(at)linnatennis.com<\/a><\/p>\n<p>Kysy lis\u00e4\u00e4 my\u00f6s majoitusvaihtoehdoista!<\/p>\n<p>Hinta 320e\/henkil\u00f6\/vkl &#8211; majoitukset maksetaan erikseen.<\/p>\n","protected":false},"excerpt":{"rendered":"<p>Tulevat tapahtumat Vierum\u00e4ki 26.6.- 28.6.2026. Kes\u00e4kauden kohokohta Vierum\u00e4en massoilla, viikonloppuna 7,5h ryhm\u00e4valmennusta oman tasoisessa ryhm\u00e4ss\u00e4. Aikataulu Pe 26.6. Klo 15.00-17.00 La 27.6. Klo 10.00-12.00 La 27.6. Klo 15.00-16.30 Su 28.6. Klo 9.00-11.00 Ota yhteytt\u00e4: info(at)linnatennis.com Kysy lis\u00e4\u00e4 my\u00f6s majoitusvaihtoehdoista! Hinta 320e\/henkil\u00f6\/vkl &#8211; majoitukset maksetaan erikseen.<\/p>\n","protected":false},"author":1,"featured_media":0,"parent":0,"menu_order":0,"comment_status":"closed","ping_status":"closed","template":"","meta":{"footnotes":""},"class_list":["post-142","page","type-page","status-publish","hentry"],"yoast_head":"<!-- This site is optimized with the Yoast SEO plugin v26.6 - https:\/\/yoast.com\/wordpress\/plugins\/seo\/ -->\n<title>Tapahtumat ja kurssit - Linnatennis<\/title>\n<meta name=\"robots\" content=\"index, follow, max-snippet:-1, max-image-preview:large, max-video-preview:-1\" \/>\n<link rel=\"canonical\" href=\"https:\/\/linnatennis.com\/?page_id=142\" \/>\n<meta property=\"og:locale\" content=\"en_US\" \/>\n<meta property=\"og:type\" content=\"article\" \/>\n<meta property=\"og:title\" content=\"Tapahtumat ja kurssit - Linnatennis\" \/>\n<meta property=\"og:description\" content=\"Tulevat tapahtumat Vierum\u00e4ki 26.6.- 28.6.2026. Kes\u00e4kauden kohokohta Vierum\u00e4en massoilla, viikonloppuna 7,5h ryhm\u00e4valmennusta oman tasoisessa ryhm\u00e4ss\u00e4. Aikataulu Pe 26.6. Klo 15.00-17.00 La 27.6. Klo 10.00-12.00 La 27.6. Klo 15.00-16.30 Su 28.6. Klo 9.00-11.00 Ota yhteytt\u00e4: info(at)linnatennis.com Kysy lis\u00e4\u00e4 my\u00f6s majoitusvaihtoehdoista! Hinta 320e\/henkil\u00f6\/vkl &#8211; majoitukset maksetaan erikseen.\" \/>\n<meta property=\"og:url\" content=\"https:\/\/linnatennis.com\/?page_id=142\" \/>\n<meta property=\"og:site_name\" content=\"Linnatennis\" \/>\n<meta property=\"article:modified_time\" content=\"2026-01-04T17:34:11+00:00\" \/>\n<meta name=\"twitter:card\" content=\"summary_large_image\" \/>\n<meta name=\"twitter:label1\" content=\"Est. reading time\" \/>\n\t<meta name=\"twitter:data1\" content=\"1 minute\" \/>\n<script type=\"application\/ld+json\" class=\"yoast-schema-graph\">{\"@context\":\"https:\/\/schema.org\",\"@graph\":[{\"@type\":\"WebPage\",\"@id\":\"https:\/\/linnatennis.com\/?page_id=142\",\"url\":\"https:\/\/linnatennis.com\/?page_id=142\",\"name\":\"Tapahtumat ja kurssit - Linnatennis\",\"isPartOf\":{\"@id\":\"https:\/\/linnatennis.com\/#website\"},\"datePublished\":\"2025-05-04T08:11:47+00:00\",\"dateModified\":\"2026-01-04T17:34:11+00:00\",\"breadcrumb\":{\"@id\":\"https:\/\/linnatennis.com\/?page_id=142#breadcrumb\"},\"inLanguage\":\"en-US\",\"potentialAction\":[{\"@type\":\"ReadAction\",\"target\":[\"https:\/\/linnatennis.com\/?page_id=142\"]}]},{\"@type\":\"BreadcrumbList\",\"@id\":\"https:\/\/linnatennis.com\/?page_id=142#breadcrumb\",\"itemListElement\":[{\"@type\":\"ListItem\",\"position\":1,\"name\":\"Home\",\"item\":\"https:\/\/linnatennis.com\/\"},{\"@type\":\"ListItem\",\"position\":2,\"name\":\"Tapahtumat ja kurssit\"}]},{\"@type\":\"WebSite\",\"@id\":\"https:\/\/linnatennis.com\/#website\",\"url\":\"https:\/\/linnatennis.com\/\",\"name\":\"Linnatennis\",\"description\":\"Tennisvalmennusta Helsingiss\u00e4\",\"potentialAction\":[{\"@type\":\"SearchAction\",\"target\":{\"@type\":\"EntryPoint\",\"urlTemplate\":\"https:\/\/linnatennis.com\/?s={search_term_string}\"},\"query-input\":{\"@type\":\"PropertyValueSpecification\",\"valueRequired\":true,\"valueName\":\"search_term_string\"}}],\"inLanguage\":\"en-US\"}]}<\/script>\n<!-- \/ Yoast SEO plugin. -->","yoast_head_json":{"title":"Tapahtumat ja kurssit - Linnatennis","robots":{"index":"index","follow":"follow","max-snippet":"max-snippet:-1","max-image-preview":"max-image-preview:large","max-video-preview":"max-video-preview:-1"},"canonical":"https:\/\/linnatennis.com\/?page_id=142","og_locale":"en_US","og_type":"article","og_title":"Tapahtumat ja kurssit - Linnatennis","og_description":"Tulevat tapahtumat Vierum\u00e4ki 26.6.- 28.6.2026. Kes\u00e4kauden kohokohta Vierum\u00e4en massoilla, viikonloppuna 7,5h ryhm\u00e4valmennusta oman tasoisessa ryhm\u00e4ss\u00e4. Aikataulu Pe 26.6. Klo 15.00-17.00 La 27.6. Klo 10.00-12.00 La 27.6. Klo 15.00-16.30 Su 28.6. Klo 9.00-11.00 Ota yhteytt\u00e4: info(at)linnatennis.com Kysy lis\u00e4\u00e4 my\u00f6s majoitusvaihtoehdoista! Hinta 320e\/henkil\u00f6\/vkl &#8211; majoitukset maksetaan erikseen.","og_url":"https:\/\/linnatennis.com\/?page_id=142","og_site_name":"Linnatennis","article_modified_time":"2026-01-04T17:34:11+00:00","twitter_card":"summary_large_image","twitter_misc":{"Est. reading time":"1 minute"},"schema":{"@context":"https:\/\/schema.org","@graph":[{"@type":"WebPage","@id":"https:\/\/linnatennis.com\/?page_id=142","url":"https:\/\/linnatennis.com\/?page_id=142","name":"Tapahtumat ja kurssit - Linnatennis","isPartOf":{"@id":"https:\/\/linnatennis.com\/#website"},"datePublished":"2025-05-04T08:11:47+00:00","dateModified":"2026-01-04T17:34:11+00:00","breadcrumb":{"@id":"https:\/\/linnatennis.com\/?page_id=142#breadcrumb"},"inLanguage":"en-US","potentialAction":[{"@type":"ReadAction","target":["https:\/\/linnatennis.com\/?page_id=142"]}]},{"@type":"BreadcrumbList","@id":"https:\/\/linnatennis.com\/?page_id=142#breadcrumb","itemListElement":[{"@type":"ListItem","position":1,"name":"Home","item":"https:\/\/linnatennis.com\/"},{"@type":"ListItem","position":2,"name":"Tapahtumat ja kurssit"}]},{"@type":"WebSite","@id":"https:\/\/linnatennis.com\/#website","url":"https:\/\/linnatennis.com\/","name":"Linnatennis","description":"Tennisvalmennusta Helsingiss\u00e4","potentialAction":[{"@type":"SearchAction","target":{"@type":"EntryPoint","urlTemplate":"https:\/\/linnatennis.com\/?s={search_term_string}"},"query-input":{"@type":"PropertyValueSpecification","valueRequired":true,"valueName":"search_term_string"}}],"inLanguage":"en-US"}]}},"jetpack_sharing_enabled":true,"_links":{"self":[{"href":"https:\/\/linnatennis.com\/index.php?rest_route=\/wp\/v2\/pages\/142","targetHints":{"allow":["GET"]}}],"collection":[{"href":"https:\/\/linnatennis.com\/index.php?rest_route=\/wp\/v2\/pages"}],"about":[{"href":"https:\/\/linnatennis.com\/index.php?rest_route=\/wp\/v2\/types\/page"}],"author":[{"embeddable":true,"href":"https:\/\/linnatennis.com\/index.php?rest_route=\/wp\/v2\/users\/1"}],"replies":[{"embeddable":true,"href":"https:\/\/linnatennis.com\/index.php?rest_route=%2Fwp%2Fv2%2Fcomments&post=142"}],"version-history":[{"count":8,"href":"https:\/\/linnatennis.com\/index.php?rest_route=\/wp\/v2\/pages\/142\/revisions"}],"predecessor-version":[{"id":199,"href":"https:\/\/linnatennis.com\/index.php?rest_route=\/wp\/v2\/pages\/142\/revisions\/199"}],"wp:attachment":[{"href":"https:\/\/linnatennis.com\/index.php?rest_route=%2Fwp%2Fv2%2Fmedia&parent=142"}],"curies":[{"name":"wp","href":"https:\/\/api.w.org\/{rel}","templated":true}]}}